{"id":460,"date":"2023-08-18T14:37:56","date_gmt":"2023-08-18T12:37:56","guid":{"rendered":"https:\/\/labarjo.com\/?page_id=460"},"modified":"2025-08-16T22:38:40","modified_gmt":"2025-08-16T20:38:40","slug":"latelier-de-loncle-zig-zag","status":"publish","type":"page","link":"https:\/\/labarjo.com\/index.php\/latelier-de-loncle-zig-zag\/","title":{"rendered":"Les cours"},"content":{"rendered":"<section class=\"wpb-content-wrapper\"><p>[vc_row css_animation=\u00a0\u00bb\u00a0\u00bb row_type=\u00a0\u00bbrow\u00a0\u00bb use_row_as_full_screen_section=\u00a0\u00bbno\u00a0\u00bb type=\u00a0\u00bbfull_width\u00a0\u00bb angled_section=\u00a0\u00bbno\u00a0\u00bb text_align=\u00a0\u00bbcenter\u00a0\u00bb background_image_as_pattern=\u00a0\u00bbwithout_pattern\u00a0\u00bb z_index=\u00a0\u00bb\u00a0\u00bb padding_top=\u00a0\u00bb0&Prime; padding_bottom=\u00a0\u00bb0&Prime;][vc_column][qode_elements_holder number_of_columns=\u00a0\u00bbone_column\u00a0\u00bb][qode_elements_holder_item vertical_alignment=\u00a0\u00bbtop\u00a0\u00bb advanced_animations=\u00a0\u00bbno\u00a0\u00bb item_padding=\u00a0\u00bb0&Prime; item_padding_1280_1440=\u00a0\u00bb8px 0 0 0&Prime; item_padding_768_1024=\u00a0\u00bb39px 0 0 0&Prime; item_padding_480_600=\u00a0\u00bb125px 0 0 0&Prime; item_padding_480=\u00a0\u00bb125px 0 0 0&Prime;][vc_separator type=\u00a0\u00bbtransparent\u00a0\u00bb up=\u00a0\u00bb-280&Prime;][rev_slider_vc alias=\u00a0\u00bbhome-slider-1&Prime;][\/qode_elements_holder_item][\/qode_elements_holder][\/vc_column][\/vc_row][vc_row css_animation=\u00a0\u00bb\u00a0\u00bb row_type=\u00a0\u00bbrow\u00a0\u00bb use_row_as_full_screen_section=\u00a0\u00bbno\u00a0\u00bb type=\u00a0\u00bbfull_width\u00a0\u00bb angled_section=\u00a0\u00bbno\u00a0\u00bb text_align=\u00a0\u00bbleft\u00a0\u00bb background_image_as_pattern=\u00a0\u00bbwithout_pattern\u00a0\u00bb z_index=\u00a0\u00bb\u00a0\u00bb][vc_column][qode_elements_holder number_of_columns=\u00a0\u00bbone_column\u00a0\u00bb][qode_elements_holder_item advanced_animations=\u00a0\u00bbno\u00a0\u00bb item_padding=\u00a0\u00bb70px 30%\u00a0\u00bb][vc_column_text]<\/p>\n<p style=\"text-align: center;\">Les\u00a0 atelier de la Barjo accueillent les cours de dessin, peinture, sculpture, couture, enluminure et calligraphie de fa\u00e7on hebdomadaire ainsi que des stages pour tout public en vue d&rsquo;une pratique plaisir ou d&rsquo;un perfectionnement.<\/p>\n<p>[\/vc_column_text][vc_column_text css=\u00a0\u00bb.vc_custom_1692364600486{padding-top: 20px !important;}\u00a0\u00bb]<\/p>\n<p style=\"text-align: center;\">Les \u00e9l\u00e8ves sont accompagn\u00e9s de fa\u00e7on individualis\u00e9e que ce soit pour une pratique plaisir , professionnelle ou pour les \u00e9tudes.<\/p>\n<p>[\/vc_column_text][\/qode_elements_holder_item][\/qode_elements_holder][\/vc_column][\/vc_row][vc_row css_animation=\u00a0\u00bb\u00a0\u00bb row_type=\u00a0\u00bbrow\u00a0\u00bb use_row_as_full_screen_section=\u00a0\u00bbno\u00a0\u00bb type=\u00a0\u00bbfull_width\u00a0\u00bb angled_section=\u00a0\u00bbno\u00a0\u00bb text_align=\u00a0\u00bbleft\u00a0\u00bb background_image_as_pattern=\u00a0\u00bbwithout_pattern\u00a0\u00bb][vc_column css=\u00a0\u00bb.vc_custom_1692956008489{margin-top: 25px !important;}\u00a0\u00bb][qode_elements_holder background_color=\u00a0\u00bb#e6e6e6&Prime; number_of_columns=\u00a0\u00bbone_column\u00a0\u00bb][qode_elements_holder_item horizontal_alignment=\u00a0\u00bbcenter\u00a0\u00bb advanced_animations=\u00a0\u00bbno\u00a0\u00bb item_padding=\u00a0\u00bb40px 0px\u00a0\u00bb custom_class=\u00a0\u00bblink-tarifs\u00a0\u00bb][vc_single_image image=\u00a0\u00bb1000&Prime; img_size=\u00a0\u00bblarge\u00a0\u00bb alignment=\u00a0\u00bbcenter\u00a0\u00bb qode_css_animation=\u00a0\u00bb\u00a0\u00bb el_class=\u00a0\u00bbmax-width-900&Prime;][vc_single_image image=\u00a0\u00bb1001&Prime; img_size=\u00a0\u00bblarge\u00a0\u00bb alignment=\u00a0\u00bbcenter\u00a0\u00bb qode_css_animation=\u00a0\u00bb\u00a0\u00bb el_class=\u00a0\u00bbmax-width-900&Prime;][vc_single_image image=\u00a0\u00bb1058&Prime; img_size=\u00a0\u00bblarge\u00a0\u00bb alignment=\u00a0\u00bbcenter\u00a0\u00bb qode_css_animation=\u00a0\u00bb\u00a0\u00bb el_class=\u00a0\u00bbmax-width-900&Prime;][vc_single_image image=\u00a0\u00bb1008&Prime; img_size=\u00a0\u00bblarge\u00a0\u00bb alignment=\u00a0\u00bbcenter\u00a0\u00bb qode_css_animation=\u00a0\u00bb\u00a0\u00bb el_class=\u00a0\u00bbmax-width-900&Prime;][vc_single_image image=\u00a0\u00bb1009&Prime; img_size=\u00a0\u00bblarge\u00a0\u00bb alignment=\u00a0\u00bbcenter\u00a0\u00bb qode_css_animation=\u00a0\u00bb\u00a0\u00bb el_class=\u00a0\u00bbmax-width-900&Prime;]<div class=\"qode-interactive-links qode-il-links-aside\">\r\n    <div class=\"qode-il-inner\">\r\n        <div class=\"qode-il-titles-holder\">\r\n            <div class=\"qode-il-links-holder\">\r\n                                        <a itemprop=\"link\" class=\"qode-il-link\" href=\"http:\/\/labarjo.com\/wp-content\/uploads\/2025\/08\/2025-tarifs-barjo.pdf\" target=\"_blank\" data-index=\"0\">\r\n                            <h3 class=\"qode-il-title-heading\">\r\n                                <span class=\"qode-il-title\">Voir les tarifs<\/span>\r\n                            <\/h3>\r\n                        <\/a>\r\n                                    <\/div>\r\n        <\/div>\r\n        <div class=\"qode-il-images-holder\">\r\n            <div class=\"qode-il-images-holder-inner\">\r\n                                        <div class=\"qode-il-image\" data-index=\"0\">\r\n                            <a itemprop=\"link\" class=\"qode-il-image-link\" href=\"http:\/\/labarjo.com\/wp-content\/uploads\/2025\/08\/2025-tarifs-barjo.pdf\" target=\"_blank\" data-index=\"0\">\r\n                                                            <\/a>\r\n                            <div class=\"qode-il-responsive-title-holder\">\r\n                                <h3 class=\"qode-il-links-holder\">\r\n                                    <a itemprop=\"link\" class=\"qode-il-link qode-il-responsive-title\" href=\"http:\/\/labarjo.com\/wp-content\/uploads\/2025\/08\/2025-tarifs-barjo.pdf\" target=\"_blank\" data-index=\"0\">\r\n                                        <span class=\"qode-il-title\">Voir les tarifs<\/span>\r\n                                    <\/a>\r\n                                <\/h3>\r\n                            <\/div>\r\n                        <\/div>\r\n                                    <\/div>\r\n        <\/div>\r\n            <\/div>\r\n<\/div>[\/qode_elements_holder_item][\/qode_elements_holder][\/vc_column][\/vc_row]<\/p>\n<\/section>","protected":false},"excerpt":{"rendered":"<p>[vc_row css_animation=\u00a0\u00bb\u00a0\u00bb row_type=\u00a0\u00bbrow\u00a0\u00bb use_row_as_full_screen_section=\u00a0\u00bbno\u00a0\u00bb type=\u00a0\u00bbfull_width\u00a0\u00bb angled_section=\u00a0\u00bbno\u00a0\u00bb text_align=\u00a0\u00bbcenter\u00a0\u00bb background_image_as_pattern=\u00a0\u00bbwithout_pattern\u00a0\u00bb z_index=\u00a0\u00bb\u00a0\u00bb padding_top=\u00a0\u00bb0&Prime; padding_bottom=\u00a0\u00bb0&Prime;][vc_column][qode_elements_holder number_of_columns=\u00a0\u00bbone_column\u00a0\u00bb][qode_elements_holder_item vertical_alignment=\u00a0\u00bbtop\u00a0\u00bb advanced_animations=\u00a0\u00bbno\u00a0\u00bb item_padding=\u00a0\u00bb0&Prime; item_padding_1280_1440=\u00a0\u00bb8px 0 0 0&Prime; item_padding_768_1024=\u00a0\u00bb39px 0 0 0&Prime; item_padding_480_600=\u00a0\u00bb125px 0 0 0&Prime; item_padding_480=\u00a0\u00bb125px 0 0 0&Prime;][vc_separator type=\u00a0\u00bbtransparent\u00a0\u00bb up=\u00a0\u00bb-280&Prime;][rev_slider_vc alias=\u00a0\u00bbhome-slider-1&Prime;][\/qode_elements_holder_item][\/qode_elements_holder][\/vc_column][\/vc_row][vc_row css_animation=\u00a0\u00bb\u00a0\u00bb row_type=\u00a0\u00bbrow\u00a0\u00bb use_row_as_full_screen_section=\u00a0\u00bbno\u00a0\u00bb type=\u00a0\u00bbfull_width\u00a0\u00bb angled_section=\u00a0\u00bbno\u00a0\u00bb text_align=\u00a0\u00bbleft\u00a0\u00bb background_image_as_pattern=\u00a0\u00bbwithout_pattern\u00a0\u00bb z_index=\u00a0\u00bb\u00a0\u00bb][vc_column][qode_elements_holder number_of_columns=\u00a0\u00bbone_column\u00a0\u00bb][qode_elements_holder_item advanced_animations=\u00a0\u00bbno\u00a0\u00bb item_padding=\u00a0\u00bb70px&#8230;<\/p>\n","protected":false},"author":1,"featured_media":0,"parent":0,"menu_order":0,"comment_status":"closed","ping_status":"closed","template":"full_width.php","meta":{"_monsterinsights_skip_tracking":false,"_monsterinsights_sitenote_active":false,"_monsterinsights_sitenote_note":"","_monsterinsights_sitenote_category":0,"footnotes":""},"class_list":["post-460","page","type-page","status-publish","hentry"],"acf":[],"_links":{"self":[{"href":"https:\/\/labarjo.com\/index.php\/wp-json\/wp\/v2\/pages\/460","targetHints":{"allow":["GET"]}}],"collection":[{"href":"https:\/\/labarjo.com\/index.php\/wp-json\/wp\/v2\/pages"}],"about":[{"href":"https:\/\/labarjo.com\/index.php\/wp-json\/wp\/v2\/types\/page"}],"author":[{"embeddable":true,"href":"https:\/\/labarjo.com\/index.php\/wp-json\/wp\/v2\/users\/1"}],"replies":[{"embeddable":true,"href":"https:\/\/labarjo.com\/index.php\/wp-json\/wp\/v2\/comments?post=460"}],"version-history":[{"count":51,"href":"https:\/\/labarjo.com\/index.php\/wp-json\/wp\/v2\/pages\/460\/revisions"}],"predecessor-version":[{"id":1061,"href":"https:\/\/labarjo.com\/index.php\/wp-json\/wp\/v2\/pages\/460\/revisions\/1061"}],"wp:attachment":[{"href":"https:\/\/labarjo.com\/index.php\/wp-json\/wp\/v2\/media?parent=460"}],"curies":[{"name":"wp","href":"https:\/\/api.w.org\/{rel}","templated":true}]}}